{"id":2371,"date":"2019-03-07T14:27:27","date_gmt":"2019-03-07T13:27:27","guid":{"rendered":"https:\/\/17congreso.clubarbitraje.com\/inicio\/"},"modified":"2024-12-04T17:08:10","modified_gmt":"2024-12-04T16:08:10","slug":"inicio","status":"publish","type":"page","link":"https:\/\/19congreso.clubarbitraje.com\/en\/","title":{"rendered":"Inicio"},"content":{"rendered":"<p>[et_pb_section fb_built=&#8221;1&#8243; disabled_on=&#8221;off|off|off&#8221; _builder_version=&#8221;3.19.18&#8243; background_image=&#8221;https:\/\/19congreso.clubarbitraje.com\/wp-content\/uploads\/2024\/10\/fondo-ceia-congreso-xix.jpeg&#8221; custom_padding=&#8221;10vw||10vw||false|false&#8221; custom_css_main_element=&#8221;position:relative;&#8221; locked=&#8221;off&#8221;][et_pb_row use_custom_width=&#8221;on&#8221; custom_width_px=&#8221;1200px&#8221; disabled_on=&#8221;off|off|off&#8221; module_class=&#8221;modulo-header&#8221; _builder_version=&#8221;3.19.18&#8243;][et_pb_column type=&#8221;4_4&#8243; _builder_version=&#8221;3.19.18&#8243;][et_pb_text module_class=&#8221;fecha-header&#8221; _builder_version=&#8221;3.19.18&#8243; text_font=&#8221;Libre Franklin|700||on|||||&#8221; text_text_color=&#8221;#ffffff&#8221; text_font_size=&#8221;20px&#8221; text_font_size_tablet=&#8221;20px&#8221; text_font_size_phone=&#8221;14px&#8221; text_font_size_last_edited=&#8221;on|phone&#8221; text_letter_spacing=&#8221;1px&#8221; text_orientation=&#8221;center&#8221; custom_margin=&#8221;||0.5em|&#8221; custom_margin_tablet=&#8221;||0.5em&#8221; custom_margin_phone=&#8221;||&#8221; custom_margin_last_edited=&#8221;on|phone&#8221; animation_style=&#8221;slide&#8221; animation_direction=&#8221;bottom&#8221; animation_delay=&#8221;100ms&#8221;]<\/p>\n<p>June 1 to 3, 2025<\/p>\n<p>[\/et_pb_text][et_pb_text module_class=&#8221;titulo-header&#8221; _builder_version=&#8221;3.19.18&#8243; text_font=&#8221;||||||||&#8221; text_font_size_last_edited=&#8221;on|tablet&#8221; header_font=&#8221;|700||on|||||&#8221; header_text_align=&#8221;center&#8221; header_text_color=&#8221;#ffffff&#8221; header_font_size=&#8221;38px&#8221; header_font_size_tablet=&#8221;34px&#8221; header_font_size_phone=&#8221;28px&#8221; header_font_size_last_edited=&#8221;on|phone&#8221; header_letter_spacing=&#8221;2px&#8221; header_line_height=&#8221;1.2em&#8221; custom_margin=&#8221;||&#8221; custom_margin_tablet=&#8221;||&#8221; custom_margin_phone=&#8221;||0.5em&#8221; custom_margin_last_edited=&#8221;on|phone&#8221; animation_style=&#8221;slide&#8221; animation_direction=&#8221;top&#8221; animation_delay=&#8221;400ms&#8221;]<\/p>\n<h1>19th CEIA International Conference<\/h1>\n<p>[\/et_pb_text][et_pb_text _builder_version=&#8221;3.19.18&#8243; animation_style=&#8221;slide&#8221;]<\/p>\n<h2 style=\"text-align: center;color:#fff\"><b>The \u201cTime\u201d Factor in International Arbitration<\/b><\/h2>\n<p>[\/et_pb_text][et_pb_text module_class=&#8221;lugar-header&#8221; _builder_version=&#8221;3.19.18&#8243; text_font=&#8221;Libre Franklin|700|||||||&#8221; text_text_color=&#8221;#ffffff&#8221; text_font_size=&#8221;24px&#8221; text_font_size_tablet=&#8221;22px&#8221; text_font_size_phone=&#8221;15px&#8221; text_font_size_last_edited=&#8221;on|phone&#8221; text_letter_spacing=&#8221;1px&#8221; header_font=&#8221;||||||||&#8221; header_3_font=&#8221;||||||||&#8221; header_3_text_color=&#8221;#ffffff&#8221; header_3_font_size=&#8221;25px&#8221; header_3_font_size_phone=&#8221;20px&#8221; header_3_font_size_last_edited=&#8221;on|phone&#8221; text_orientation=&#8221;center&#8221; custom_margin=&#8221;4rem||&#8221; custom_margin_tablet=&#8221;||1em&#8221; custom_margin_last_edited=&#8221;on|phone&#8221; animation_style=&#8221;slide&#8221; animation_direction=&#8221;bottom&#8221; animation_delay=&#8221;700ms&#8221;]<\/p>\n<p>Hotel Meli\u00e1 Castilla, Madrid, Spain<\/p>\n<p>[\/et_pb_text][\/et_pb_column][\/et_pb_row][et_pb_row make_fullwidth=&#8221;on&#8221; custom_width_px=&#8221;1200px&#8221; custom_padding=&#8221;||||false&#8221; custom_margin=&#8221;4rem||||false|true&#8221; padding_top_bottom_link_1=&#8221;false&#8221; disabled_on=&#8221;on|on|off&#8221; admin_label=&#8221;icono scroll&#8221; module_class=&#8221;modulo-header&#8221; _builder_version=&#8221;3.19.18&#8243;][et_pb_column type=&#8221;4_4&#8243; _builder_version=&#8221;3.19.18&#8243;][et_pb_text disabled_on=&#8221;off|off|off&#8221; _builder_version=&#8221;3.19.18&#8243; text_font=&#8221;||||||||&#8221; text_text_color=&#8221;#ffffff&#8221; link_font=&#8221;||||||||&#8221; link_text_color=&#8221;#ffffff&#8221; text_orientation=&#8221;center&#8221; custom_margin=&#8221;0px||0px||true&#8221; custom_padding=&#8221;0px||0px||true&#8221;]<\/p>\n<p><a class=\"bajar\" href=\"#abajo\"><img decoding=\"async\" class=\"wp-image-880 alignnone \" style=\"width: 150px;\" src=\"\/wp-content\/uploads\/2023\/12\/scroll.svg\" alt=\"Scroll\" \/><\/a><\/p>\n<p>[\/et_pb_text][\/et_pb_column][\/et_pb_row][\/et_pb_section][et_pb_section fb_built=&#8221;1&#8243; disabled_on=&#8221;off|off|off&#8221; module_class=&#8221;bloque-carta&#8221; _builder_version=&#8221;3.19.18&#8243; custom_margin=&#8221;||&#8221;][et_pb_row module_class=&#8221;contenedor-carta&#8221; _builder_version=&#8221;3.19.18&#8243; background_image=&#8221;https:\/\/19congreso.clubarbitraje.com\/wp-content\/uploads\/2019\/03\/fondo-carta.jpg&#8221; parallax=&#8221;on&#8221; locked=&#8221;off&#8221;][et_pb_column type=&#8221;4_4&#8243; _builder_version=&#8221;3.19.18&#8243;][et_pb_text admin_label=&#8221;Texto&#8221; module_id=&#8221;abajo&#8221; module_class=&#8221;texto-carta&#8221; _builder_version=&#8221;3.19.18&#8243; header_font=&#8221;||||||||&#8221; header_3_font=&#8221;|600|||||||&#8221; header_3_text_color=&#8221;#000000&#8243; header_3_font_size=&#8221;20px&#8221; header_3_font_size_tablet=&#8221;18px&#8221; header_3_font_size_phone=&#8221;16px&#8221; header_3_font_size_last_edited=&#8221;on|phone&#8221; custom_margin=&#8221;||&#8221;]<\/p>\n<h3>Queridos amigos:<\/h3>\n<p>[\/et_pb_text][et_pb_text admin_label=&#8221;Texto&#8221; module_class=&#8221;texto-carta&#8221; _builder_version=&#8221;3.19.18&#8243; text_font=&#8221;||||||||&#8221; max_width_tablet=&#8221;80%&#8221; max_width_phone=&#8221;80%&#8221; max_width_last_edited=&#8221;off|tablet&#8221; module_alignment=&#8221;center&#8221; custom_margin=&#8221;||&#8221; custom_padding=&#8221;||||true|true&#8221;]<\/p>\n<p>El Club Espa\u00f1ol e Iberoamericano del Arbitraje (CEIA) ha trabajado desde su constituci\u00f3n en cumplir sus objetivos de promover el arbitraje en la comunidad empresarial y jur\u00eddica en el \u00e1mbito iberoamericano.<\/p>\n<p>Y gracias a los esfuerzos de todos, el CEIA es espl\u00e9ndida realidad que cuenta con m\u00e1s de 1500 socios de 41 pa\u00edses distintos y con 31 Cap\u00edtulos Internacionales (y varios en constituci\u00f3n) lo que nos permite estar en una posici\u00f3n privilegiada en cuanto a la perspectiva de la realidad y tendencias internacionales.<\/p>\n<p>Este acervo es el que pretendemos aprovechar en nuestro Congreso Anual, que venimos celebrando cada a\u00f1o desde el 2006 y que se ha convertido, gracias al apoyo que nos prest\u00e1is, en un acontecimiento ya obligado en las agendas del arbitraje internacional.<\/p>\n<p>En cada uno de los Congresos hemos intentado abordar temas que tuvieran una especial significaci\u00f3n y\/o actualidad en cada momento, y que, consiguientemente, revistieran un mayor inter\u00e9s para todos aquellos que, de una u otra forma, estamos ligados a la instituci\u00f3n del arbitraje.\u00a0<\/p>\n<p>Siguiendo este criterio, el XIX Congreso Internacional de Arbitraje tiene como t\u00edtulo \u201cEL FACTOR &#8220;TIEMPO&#8221; EN EL ARBITRAJE INTERNACIONAL\u201d.<\/p>\n<p>En el programa se detallan las sesiones de trabajo en las que se va a desarrollar y que incluye la <em>res judicata\u00a0<\/em>en el arbitraje internacional; los intereses pre y post laudo en arbitraje; los tiempos del arbitraje, tema clave en la eficacia del mismo; y los dos ya cl\u00e1sicos de Visi\u00f3n Latam 360 y los Casos del A\u00f1o, enfocados ambos al tema general del Congreso.<\/p>\n<p>Los miembros que componen las Mesas son todos ellos prestigiosos juristas de diferentes pa\u00edses y continentes, cuyo an\u00e1lisis se ver\u00e1 enriquecido por el intercambio de experiencias que los congresistas tendr\u00e1n la oportunidad de exponer en los coloquios previstos.<\/p>\n<p>En esta ocasi\u00f3n, tenemos adem\u00e1s una novedad de la que nos sentimos muy orgullosos.\u00a0 Como ya sab\u00e9is la ICCA ha acordado que su Congreso Anual se celebrar\u00e1 en Madrid del 12 al 15 de Abril de 2026, siendo el CEIA el organizador del mismo, por lo que hemos incluido una presentaci\u00f3n para informaros de la organizaci\u00f3n del evento y que lo pod\u00e1is incluir ya en vuestras agendas.\u00a0<\/p>\n<p>Y, por supuesto, no nos hemos olvidado de la importancia y necesidad de ofrecer oportunidades de\u00a0<em>networking<\/em>\u00a0a los congresistas, por lo que hemos mantenido una amplia agenda de actos sociales que les permitir\u00e1 disfrutar de lugares emblem\u00e1ticos de Madrid y su magn\u00edfica gastronom\u00eda y a pesar del enorme aumento de los precios de los servicios hemos hecho un esfuerzo y\u00a0 mantenido las cuotas de inscripci\u00f3n sin menoscabo de\u00a0 la calidad de los mismos.<\/p>\n<p>Queremos agradeceros, una vez m\u00e1s, vuestro apoyo e invitaros a que, con vuestra presencia, que es el motor y raz\u00f3n de ser del Congreso, hag\u00e1is posible, un a\u00f1o m\u00e1s, el \u00e9xito de este.<\/p>\n<p>Ser\u00e1 un placer tener la oportunidad de daros personalmente la bienvenida a Madrid y a nuestro Congreso.<\/p>\n<p>Un cordial saludo,<\/p>\n<div class=\"flexibox\">\n<div>\n<p><strong>Alfonso Iglesia<\/strong><br \/><strong style=\"color: #6ba0ae;\">Presidente del CEIA<\/strong><\/p>\n<\/div>\n<div>\n<p><strong>Julio Gonz\u00e1lez Soria<\/strong><br \/><strong style=\"color: #6ba0ae;\">Presidente Comit\u00e9 Organizador del<\/strong><br \/><strong style=\"color: #6ba0ae;\">Congreso. Vicepresidente del CEIA. <\/strong><\/p>\n<\/div>\n<\/div>\n<p>[\/et_pb_text][\/et_pb_column][\/et_pb_row][\/et_pb_section][et_pb_section fb_built=&#8221;1&#8243; disabled_on=&#8221;on|on|on&#8221; module_class=&#8221;contenedor-colaboradores&#8221; _builder_version=&#8221;3.19.18&#8243; custom_margin=&#8221;||5em&#8221; disabled=&#8221;on&#8221; saved_tabs=&#8221;all&#8221;][et_pb_row custom_margin=&#8221;2em||&#8221; _builder_version=&#8221;3.19.18&#8243;][et_pb_column type=&#8221;4_4&#8243; _builder_version=&#8221;3.19.18&#8243;][et_pb_text _builder_version=&#8221;3.19.18&#8243; header_font=&#8221;||||||||&#8221; header_2_font=&#8221;|700|||||||&#8221; header_2_text_align=&#8221;center&#8221; header_2_font_size=&#8221;27px&#8221;]<\/p>\n<h2>COLABORADOR PLATINO<\/h2>\n<p>[\/et_pb_text][\/et_pb_column][\/et_pb_row][et_pb_row custom_padding=&#8221;||&#8221; make_equal=&#8221;on&#8221; disabled_on=&#8221;off|off|off&#8221; module_class=&#8221;bloque-colaboradores platino&#8221; _builder_version=&#8221;3.19.18&#8243;][et_pb_column type=&#8221;1_4&#8243; _builder_version=&#8221;3.19.18&#8243;][et_pb_image src=&#8221;https:\/\/19congreso.clubarbitraje.com\/wp-content\/uploads\/2019\/03\/AM_Stacked.png&#8221; align=&#8221;center&#8221; disabled_on=&#8221;off|off|off&#8221; admin_label=&#8221;alvarez&#8221; module_class=&#8221;ico-colaborador con-marco&#8221; _builder_version=&#8221;3.19.18&#8243;][\/et_pb_image][\/et_pb_column][et_pb_column type=&#8221;1_4&#8243; _builder_version=&#8221;3.19.18&#8243;][et_pb_image src=&#8221;https:\/\/19congreso.clubarbitraje.com\/wp-content\/uploads\/2019\/03\/duff-and-phelps.png&#8221; align=&#8221;center&#8221; disabled_on=&#8221;on|on|on&#8221; admin_label=&#8221;duff&#8221; module_class=&#8221;ico-colaborador con-marco&#8221; _builder_version=&#8221;3.19.18&#8243; disabled=&#8221;on&#8221; locked=&#8221;off&#8221;][\/et_pb_image][\/et_pb_column][et_pb_column type=&#8221;1_4&#8243; _builder_version=&#8221;3.19.18&#8243;][et_pb_image src=&#8221;https:\/\/19congreso.clubarbitraje.com\/wp-content\/uploads\/2019\/04\/EY.png&#8221; url=&#8221;\/colaborador-plata\/&#8221; align=&#8221;center&#8221; disabled_on=&#8221;on|on|on&#8221; admin_label=&#8221;ey&#8221; module_class=&#8221;ico-colaborador con-marco&#8221; _builder_version=&#8221;3.19.18&#8243; disabled=&#8221;on&#8221;][\/et_pb_image][\/et_pb_column][et_pb_column type=&#8221;1_4&#8243; _builder_version=&#8221;3.19.18&#8243;][et_pb_image src=&#8221;https:\/\/19congreso.clubarbitraje.com\/wp-content\/uploads\/2019\/05\/rockmond.png&#8221; url=&#8221;\/colaborador-plata\/&#8221; align=&#8221;center&#8221; disabled_on=&#8221;on|on|on&#8221; admin_label=&#8221;rockmond&#8221; module_class=&#8221;ico-colaborador con-marco&#8221; _builder_version=&#8221;3.19.18&#8243; disabled=&#8221;on&#8221; locked=&#8221;off&#8221;][\/et_pb_image][\/et_pb_column][\/et_pb_row][\/et_pb_section][et_pb_section fb_built=&#8221;1&#8243; fullwidth=&#8221;on&#8221; _builder_version=&#8221;3.19.18&#8243;][et_pb_fullwidth_code module_id=&#8221;mapa&#8221; _builder_version=&#8221;3.19.18&#8243; filter_saturate=&#8221;0%&#8221;]<iframe src=\"https:\/\/www.google.com\/maps\/embed?pb=!1m18!1m12!1m3!1d3035.6246294523844!2d-3.694341548506231!3d40.4614443607403!2m3!1f0!2f0!3f0!3m2!1i1024!2i768!4f13.1!3m3!1m2!1s0xd42291addc8ee85%3A0xd1ce794508da5e9d!2sHotel%20Meli%C3%A1%20Castilla!5e0!3m2!1ses!2ses!4v1622205378824!5m2!1ses!2ses\" width=\"100%\" height=\"400\" style=\"border:0;\" allowfullscreen=\"\" loading=\"lazy\"><\/iframe>[\/et_pb_fullwidth_code][\/et_pb_section]<\/p>\n","protected":false},"excerpt":{"rendered":"<p>[et_pb_section fb_built=&#8221;1&#8243; disabled_on=&#8221;off|off|off&#8221; _builder_version=&#8221;3.19.18&#8243; background_image=&#8221;https:\/\/19congreso.clubarbitraje.com\/wp-content\/uploads\/2024\/10\/fondo-ceia-congreso-xix.jpeg&#8221; custom_padding=&#8221;10vw||10vw||false|false&#8221; custom_css_main_element=&#8221;position:relative;&#8221; locked=&#8221;off&#8221;][et_pb_row use_custom_width=&#8221;on&#8221; custom_width_px=&#8221;1200px&#8221; disabled_on=&#8221;off|off|off&#8221; module_class=&#8221;modulo-header&#8221; _builder_version=&#8221;3.19.18&#8243;][et_pb_column type=&#8221;4_4&#8243; _builder_version=&#8221;3.19.18&#8243;][et_pb_text module_class=&#8221;fecha-header&#8221; _builder_version=&#8221;3.19.18&#8243; text_font=&#8221;Libre Franklin|700||on|||||&#8221; text_text_color=&#8221;#ffffff&#8221; text_font_size=&#8221;20px&#8221; text_font_size_tablet=&#8221;20px&#8221; text_font_size_phone=&#8221;14px&#8221; text_font_size_last_edited=&#8221;on|phone&#8221; text_letter_spacing=&#8221;1px&#8221; text_orientation=&#8221;center&#8221; custom_margin=&#8221;||0.5em|&#8221; custom_margin_tablet=&#8221;||0.5em&#8221; custom_margin_phone=&#8221;||&#8221; custom_margin_last_edited=&#8221;on|phone&#8221; animation_style=&#8221;slide&#8221; animation_direction=&#8221;bottom&#8221; animation_delay=&#8221;100ms&#8221;] June 1 to 3, 2025 [\/et_pb_text][et_pb_text module_class=&#8221;titulo-header&#8221; _builder_version=&#8221;3.19.18&#8243; text_font=&#8221;||||||||&#8221; text_font_size_last_edited=&#8221;on|tablet&#8221; header_font=&#8221;|700||on|||||&#8221; header_text_align=&#8221;center&#8221; header_text_color=&#8221;#ffffff&#8221; header_font_size=&#8221;38px&#8221; header_font_size_tablet=&#8221;34px&#8221; header_font_size_phone=&#8221;28px&#8221; header_font_size_last_edited=&#8221;on|phone&#8221; header_letter_spacing=&#8221;2px&#8221; header_line_height=&#8221;1.2em&#8221; custom_margin=&#8221;||&#8221; custom_margin_tablet=&#8221;||&#8221; custom_margin_phone=&#8221;||0.5em&#8221; [&hellip;]<\/p>\n","protected":false},"author":2,"featured_media":0,"parent":0,"menu_order":0,"comment_status":"closed","ping_status":"closed","template":"","meta":{"_et_pb_use_builder":"on","_et_pb_old_content":"","footnotes":""},"class_list":["post-2371","page","type-page","status-publish","hentry"],"_links":{"self":[{"href":"https:\/\/19congreso.clubarbitraje.com\/en\/wp-json\/wp\/v2\/pages\/2371","targetHints":{"allow":["GET"]}}],"collection":[{"href":"https:\/\/19congreso.clubarbitraje.com\/en\/wp-json\/wp\/v2\/pages"}],"about":[{"href":"https:\/\/19congreso.clubarbitraje.com\/en\/wp-json\/wp\/v2\/types\/page"}],"author":[{"embeddable":true,"href":"https:\/\/19congreso.clubarbitraje.com\/en\/wp-json\/wp\/v2\/users\/2"}],"replies":[{"embeddable":true,"href":"https:\/\/19congreso.clubarbitraje.com\/en\/wp-json\/wp\/v2\/comments?post=2371"}],"version-history":[{"count":23,"href":"https:\/\/19congreso.clubarbitraje.com\/en\/wp-json\/wp\/v2\/pages\/2371\/revisions"}],"predecessor-version":[{"id":3258,"href":"https:\/\/19congreso.clubarbitraje.com\/en\/wp-json\/wp\/v2\/pages\/2371\/revisions\/3258"}],"wp:attachment":[{"href":"https:\/\/19congreso.clubarbitraje.com\/en\/wp-json\/wp\/v2\/media?parent=2371"}],"curies":[{"name":"wp","href":"https:\/\/api.w.org\/{rel}","templated":true}]}}