{"id":191,"date":"2019-03-12T14:00:11","date_gmt":"2019-03-12T13:00:11","guid":{"rendered":"https:\/\/14congreso.clubarbitraje.com\/organizacion\/"},"modified":"2024-12-03T15:13:23","modified_gmt":"2024-12-03T14:13:23","slug":"organization","status":"publish","type":"page","link":"https:\/\/19congreso.clubarbitraje.com\/en\/organization\/","title":{"rendered":"Organization"},"content":{"rendered":"<p>[et_pb_section fb_built=&#8221;1&#8243; module_class=&#8221;bloque-sponsors&#8221; _builder_version=&#8221;3.19.18&#8243; background_image=&#8221;https:\/\/16congreso.clubarbitraje.com\/wp-content\/uploads\/2019\/03\/fondo-carta.jpg&#8221; parallax=&#8221;on&#8221; locked=&#8221;off&#8221;][et_pb_row _builder_version=&#8221;3.19.18&#8243;][et_pb_column type=&#8221;4_4&#8243; _builder_version=&#8221;3.19.18&#8243;][et_pb_text disabled_on=&#8221;on|on|on&#8221; _builder_version=&#8221;3.19.18&#8243; text_font=&#8221;||||||||&#8221; header_font=&#8221;||||||||&#8221; header_3_font=&#8221;||||||||&#8221; header_3_text_align=&#8221;center&#8221; header_3_text_color=&#8221;#333333&#8243; border_width_all=&#8221;1px&#8221; text_orientation=&#8221;center&#8221; custom_margin=&#8221;2em||2em||true&#8221; custom_padding=&#8221;2em||2em||true&#8221; disabled=&#8221;on&#8221;]<\/p>\n<h2>honorary committee<\/h2>\n<p>&nbsp;<\/p>\n<h3>PRESIDENT<\/h3>\n<p><strong>His Majesty King of Spain<\/strong><\/p>\n<p><a href=\"https:\/\/15congreso.clubarbitraje.com\/wp-content\/uploads\/2021\/07\/Credencial.pdf\" target=\"_blank\" rel=\"attachment wp-att-1034 noopener noreferrer\">Credential<\/a><\/p>\n<p>&nbsp;<\/p>\n<p>&nbsp;<\/p>\n<p>[\/et_pb_text][et_pb_text _builder_version=&#8221;3.19.18&#8243; text_font=&#8221;||||||||&#8221; header_font=&#8221;||||||||&#8221; header_3_font=&#8221;||||||||&#8221; header_3_text_align=&#8221;center&#8221; header_3_text_color=&#8221;#333333&#8243; border_width_all=&#8221;1px&#8221; text_orientation=&#8221;center&#8221; custom_padding=&#8221;2em||6em||false&#8221;]<\/p>\n<h2>ORGANIZING COMMITTEE<\/h2>\n<p>&nbsp;<\/p>\n<h3>PRESIDENT<\/h3>\n<p><strong>Julio Gonz\u00e1lez Soria<\/strong><\/p>\n<h3>VICE-PRESIDENT<\/h3>\n<p><strong>Urquiola de Palacio<\/strong><\/p>\n<p>&nbsp;<\/p>\n<p>&nbsp;[\/et_pb_text][et_pb_text _builder_version=&#8221;3.19.18&#8243; text_font=&#8221;||||||||&#8221; header_font=&#8221;||||||||&#8221; header_3_font=&#8221;||||||||&#8221; header_3_text_align=&#8221;center&#8221; header_3_text_color=&#8221;#333333&#8243; background_color=&#8221;#ffffff&#8221; border_width_all=&#8221;1px&#8221; border_width_top=&#8221;1px&#8221; border_width_right=&#8221;1px&#8221; border_width_left=&#8221;1px&#8221; text_orientation=&#8221;center&#8221; max_width=&#8221;50%&#8221; module_alignment=&#8221;center&#8221; custom_margin=&#8221;2em||2em||true&#8221; custom_padding=&#8221;2em||2em||true&#8221;]<\/p>\n<h3>VOCALS<\/h3>\n<p>[\/et_pb_text][\/et_pb_column][\/et_pb_row][et_pb_row custom_padding=&#8221;0px||&#8221; custom_margin=&#8221;||&#8221; make_equal=&#8221;on&#8221; background_color_1=&#8221;#f4f4f4&#8243; background_color_2=&#8221;#f4f4f4&#8243; padding_top_bottom_link_1=&#8221;true&#8221; padding_top_bottom_link_2=&#8221;true&#8221; padding_left_right_link_1=&#8221;true&#8221; padding_left_right_link_2=&#8221;true&#8221; padding_top_1=&#8221;1em&#8221; padding_top_2=&#8221;1em&#8221; padding_right_1=&#8221;1em&#8221; padding_right_2=&#8221;1em&#8221; padding_bottom_1=&#8221;1em&#8221; padding_bottom_2=&#8221;1em&#8221; padding_left_1=&#8221;1em&#8221; padding_left_2=&#8221;1em&#8221; module_class=&#8221;vocales&#8221; _builder_version=&#8221;3.19.18&#8243;][et_pb_column type=&#8221;1_2&#8243; _builder_version=&#8221;3.19.18&#8243;][et_pb_text _builder_version=&#8221;3.19.18&#8243; text_font=&#8221;||||||||&#8221; text_orientation=&#8221;center&#8221; custom_margin_phone=&#8221;||0px&#8221; custom_margin_last_edited=&#8221;on|phone&#8221;]<\/p>\n<p>Alfonso Iglesia<br \/>Jos\u00e9 Mar\u00eda Alonso<br \/> Antonio Hierro<br \/> Jes\u00fas Rem\u00f3n<br \/> Jos\u00e9 Antonio Ca\u00ednzos<br \/> David Arias<br \/> Juan Fern\u00e1ndez-Armesto<br \/> Mar\u00eda Jos\u00e9 Men\u00e9ndez<br \/> Carmen N\u00fa\u00f1ez-Lagos<br \/> \u00c1lvaro L\u00f3pez de Argumedo<br \/> Juan-Yago Hern\u00e1ndez-Canut<br \/> Krystle Baptista<br \/> Jos\u00e9 Luis Arag\u00f3n<br \/> Jorge Chac\u00f3n<br \/> Miguel \u00c1ngel Clare<br \/> Rafael Cox<br \/> Alfredo Cuadra<br \/>Diana Correa<br \/>Miguel de Almada<br \/> Nicole Duclos<br \/> Daniella Esquivel<br \/> Javier Garc\u00eda Olmedo<br \/> Gerardo Lozano<br \/> David Alejandro Garc\u00eda<\/p>\n<p>[\/et_pb_text][\/et_pb_column][et_pb_column type=&#8221;1_2&#8243; _builder_version=&#8221;3.19.18&#8243;][et_pb_text _builder_version=&#8221;3.19.18&#8243; text_font=&#8221;||||||||&#8221; text_orientation=&#8221;center&#8221; custom_margin_phone=&#8221;0px||&#8221; custom_margin_last_edited=&#8221;on|phone&#8221;]<\/p>\n<p>Gonzalo Fern\u00e1ndez<br \/>Jos\u00e9 Antonio El\u00edaz<br \/>Mercedes Jim\u00e9nez de Arechaga<br \/>Edson O. L\u00f3pez<br \/>Jacqueline L\u00f3pez<br \/>Alegr\u00eda Jij\u00f3n<br \/>Carmen Mart\u00ednez<br \/>Antonio Fernando Mello Marcondes<br \/>Giulio Palermo<br \/>Marcos Pe\u00f1a<br \/>Ricardo Puente<br \/>Jos\u00e9 Manuel Represa<br \/>Jos\u00e9 Rosell<br \/>Wojciech Sadowski<br \/>Luigi Cascone<br \/>Sylvia Siu<br \/>Alexandru Stanescu<br \/>Jos\u00e9 Tam<br \/>Emilio Paolo Villano<br \/>Bernardo Wayar C.<br \/>Benito Zelaya<\/p>\n<p>[\/et_pb_text][\/et_pb_column][\/et_pb_row][et_pb_row _builder_version=&#8221;3.19.18&#8243;][et_pb_column type=&#8221;4_4&#8243; _builder_version=&#8221;3.19.18&#8243;][et_pb_text _builder_version=&#8221;3.19.18&#8243; text_font=&#8221;||||||||&#8221; header_font=&#8221;||||||||&#8221; header_3_font=&#8221;||||||||&#8221; header_3_text_align=&#8221;center&#8221; header_3_text_color=&#8221;#333333&#8243; border_width_all=&#8221;1px&#8221; text_orientation=&#8221;center&#8221; custom_padding=&#8221;2em||6em||false&#8221;]<\/p>\n<h2>SCIENTIFIC COMMITTEE<\/h2>\n<p>&nbsp;<\/p>\n<h3>PRESIDENT<\/h3>\n<p><strong>Patricia Saiz\u00a0<\/strong><\/p>\n<h3>MEMBERS<\/h3>\n<p><strong>Francisco Gonz\u00e1lez de Coss\u00edo<\/strong><br \/> <strong>Elena Guti\u00e9rrez Garc\u00eda de Cort\u00e1zar<\/strong><br \/> <strong>Luc\u00eda Montes<strong><br \/> <strong>Manuel Penades<strong><br \/> <strong>An\u00edbal Sabater<strong><\/p>\n<p> \u00a0<\/strong><\/strong><\/strong><\/strong><\/strong><\/strong><\/p>\n<p>[\/et_pb_text][et_pb_text _builder_version=&#8221;3.19.18&#8243; text_font=&#8221;||||||||&#8221; header_font=&#8221;||||||||&#8221; header_3_font=&#8221;||||||||&#8221; header_3_text_align=&#8221;center&#8221; header_3_text_color=&#8221;#333333&#8243; border_width_all=&#8221;1px&#8221; text_orientation=&#8221;center&#8221; custom_padding=&#8221;2em||6em||false&#8221;]<\/p>\n<h2>SCIENTIFIC COMMITTEE<\/h2>\n<p>&nbsp;<\/p>\n<h3>PRESIDENT<\/h3>\n<p><strong>Patricia Saiz<\/strong><\/p>\n<h3>MEMBERS<\/h3>\n<p><strong>Francisco Gonz\u00e1lez de Coss\u00edo<\/strong><br \/> <strong>Elena Guti\u00e9rrez Garc\u00eda de Cort\u00e1zar<\/strong><br \/> <strong>Luc\u00eda Montes<strong><br \/> <strong>Manuel Penades<strong><br \/> <strong>An\u00edbal Sabater<strong><br \/> <strong><\/strong><\/strong><\/strong><\/strong><\/strong><\/strong><\/strong><strong><strong> <\/strong><\/strong><strong><strong> \u00a0<\/strong><\/strong><\/p>\n<p>[\/et_pb_text][\/et_pb_column][\/et_pb_row][\/et_pb_section]<\/p>\n","protected":false},"excerpt":{"rendered":"<p>[et_pb_section fb_built=&#8221;1&#8243; module_class=&#8221;bloque-sponsors&#8221; _builder_version=&#8221;3.19.18&#8243; background_image=&#8221;https:\/\/16congreso.clubarbitraje.com\/wp-content\/uploads\/2019\/03\/fondo-carta.jpg&#8221; parallax=&#8221;on&#8221; locked=&#8221;off&#8221;][et_pb_row _builder_version=&#8221;3.19.18&#8243;][et_pb_column type=&#8221;4_4&#8243; _builder_version=&#8221;3.19.18&#8243;][et_pb_text disabled_on=&#8221;on|on|on&#8221; _builder_version=&#8221;3.19.18&#8243; text_font=&#8221;||||||||&#8221; header_font=&#8221;||||||||&#8221; header_3_font=&#8221;||||||||&#8221; header_3_text_align=&#8221;center&#8221; header_3_text_color=&#8221;#333333&#8243; border_width_all=&#8221;1px&#8221; text_orientation=&#8221;center&#8221; custom_margin=&#8221;2em||2em||true&#8221; custom_padding=&#8221;2em||2em||true&#8221; disabled=&#8221;on&#8221;] honorary committee &nbsp; PRESIDENT His Majesty King of Spain Credential &nbsp; &nbsp; [\/et_pb_text][et_pb_text _builder_version=&#8221;3.19.18&#8243; text_font=&#8221;||||||||&#8221; header_font=&#8221;||||||||&#8221; header_3_font=&#8221;||||||||&#8221; header_3_text_align=&#8221;center&#8221; header_3_text_color=&#8221;#333333&#8243; border_width_all=&#8221;1px&#8221; text_orientation=&#8221;center&#8221; custom_padding=&#8221;2em||6em||false&#8221;] ORGANIZING COMMITTEE &nbsp; PRESIDENT Julio Gonz\u00e1lez Soria VICE-PRESIDENT Urquiola de Palacio [&hellip;]<\/p>\n","protected":false},"author":2,"featured_media":0,"parent":0,"menu_order":0,"comment_status":"closed","ping_status":"closed","template":"","meta":{"_et_pb_use_builder":"on","_et_pb_old_content":"","footnotes":""},"class_list":["post-191","page","type-page","status-publish","hentry"],"_links":{"self":[{"href":"https:\/\/19congreso.clubarbitraje.com\/en\/wp-json\/wp\/v2\/pages\/191","targetHints":{"allow":["GET"]}}],"collection":[{"href":"https:\/\/19congreso.clubarbitraje.com\/en\/wp-json\/wp\/v2\/pages"}],"about":[{"href":"https:\/\/19congreso.clubarbitraje.com\/en\/wp-json\/wp\/v2\/types\/page"}],"author":[{"embeddable":true,"href":"https:\/\/19congreso.clubarbitraje.com\/en\/wp-json\/wp\/v2\/users\/2"}],"replies":[{"embeddable":true,"href":"https:\/\/19congreso.clubarbitraje.com\/en\/wp-json\/wp\/v2\/comments?post=191"}],"version-history":[{"count":51,"href":"https:\/\/19congreso.clubarbitraje.com\/en\/wp-json\/wp\/v2\/pages\/191\/revisions"}],"predecessor-version":[{"id":3224,"href":"https:\/\/19congreso.clubarbitraje.com\/en\/wp-json\/wp\/v2\/pages\/191\/revisions\/3224"}],"wp:attachment":[{"href":"https:\/\/19congreso.clubarbitraje.com\/en\/wp-json\/wp\/v2\/media?parent=191"}],"curies":[{"name":"wp","href":"https:\/\/api.w.org\/{rel}","templated":true}]}}